{"id":236,"date":"2012-06-28T14:57:37","date_gmt":"2012-06-28T14:57:37","guid":{"rendered":"https:\/\/nkh.ug.edu.pl\/?page_id=236"},"modified":"2022-11-19T18:45:33","modified_gmt":"2022-11-19T18:45:33","slug":"dolacz-do-nas","status":"publish","type":"page","link":"https:\/\/nkh.ug.edu.pl\/?page_id=236","title":{"rendered":"Do\u0142\u0105cz do nas!"},"content":{"rendered":"<p><strong>Zapraszamy do Naukowego Ko\u0142a Historyk\u00f3w Uniwersytetu Gda\u0144skiego!<\/strong><\/p>\n<p><a href=\"https:\/\/nkh.ug.edu.pl\/wp-content\/uploads\/2012\/06\/315501608_484843193613936_1502117974505168783_n.jpg\"><img loading=\"lazy\" decoding=\"async\" class=\"aligncenter size-large wp-image-1820\" src=\"https:\/\/nkh.ug.edu.pl\/wp-content\/uploads\/2012\/06\/315501608_484843193613936_1502117974505168783_n-724x1024.jpg\" alt=\"\" width=\"584\" height=\"826\" srcset=\"https:\/\/nkh.ug.edu.pl\/wp-content\/uploads\/2012\/06\/315501608_484843193613936_1502117974505168783_n-724x1024.jpg 724w, https:\/\/nkh.ug.edu.pl\/wp-content\/uploads\/2012\/06\/315501608_484843193613936_1502117974505168783_n-212x300.jpg 212w, https:\/\/nkh.ug.edu.pl\/wp-content\/uploads\/2012\/06\/315501608_484843193613936_1502117974505168783_n-768x1086.jpg 768w, https:\/\/nkh.ug.edu.pl\/wp-content\/uploads\/2012\/06\/315501608_484843193613936_1502117974505168783_n.jpg 1448w\" sizes=\"auto, (max-width: 584px) 100vw, 584px\" \/><\/a><\/p>\n<p>&nbsp;<\/p>\n<p style=\"text-align: justify;\">Naszym cz\u0142onkiem mo\u017ce zosta\u0107 ka\u017cda osoba studiuj\u0105ca na UG. Je\u015bli Twoj\u0105 pasj\u0105 jest historia, chcesz rozwija\u0107 sw\u00f3j warsztat historyka, pozna\u0107 osoby o podobnych zainteresowaniach, poszerzy\u0107 swoj\u0105 wiedz\u0119, ciekawie sp\u0119dza\u0107 czas \u2013 do\u0142\u0105cz do nas!<\/p>\n<p>NKH to :<\/p>\n<p>&#8211; Udzia\u0142 w og\u00f3lnopolskich konferencjach historycznych<\/p>\n<p>&#8211; Wycieczki \u015bladami historii<\/p>\n<p>&#8211; Warsztaty naukowe<\/p>\n<p>&#8211; Organizacja spotka\u0144 i konferencji na Uniwersytecie Gda\u0144skim<\/p>\n<p>&#8211; Mo\u017cliwo\u015b\u0107 zak\u0142adania sekcji tematycznych wewn\u0105trz Ko\u0142a<\/p>\n<p>&#8211; Kontakt z o\u015brodkami naukowymi w Polsce i na \u015bwiecie<\/p>\n<p>&#8211; Mo\u017cliwo\u015b\u0107 publikacji prac naukowych<\/p>\n<p>Zobacz projekty zrealizowane przez nasze Ko\u0142o w ostatnim czasie:<\/p>\n<h1><a href=\"https:\/\/nkh.ug.edu.pl\/?p=1143\" target=\"_blank\" rel=\"noopener noreferrer\">Podsumowanie dzia\u0142alno\u015b\u0107 NKH UG w roku akademickim 2013\/2014<\/a><\/h1>\n<p><a href=\"https:\/\/nkh.ug.edu.pl\/?p=922\" target=\"_blank\" rel=\"noopener noreferrer\">Podsumowanie dzia\u0142alno\u015bci NKH w roku akademickim 2012\/2013<\/a><\/p>\n<p>&nbsp;<\/p>\n<p><strong>Osoby zainteresowane prosimy o przyj\u015bcie na zebranie NKH oraz wype\u0142nienie deklaracji cz\u0142onkowskiej:<\/strong><\/p>\n<p>Do \u015bci\u0105gni\u0119cia w formacie docx.<\/p>\n<p><a href=\"https:\/\/nkh.ug.edu.pl\/wp-content\/uploads\/2012\/06\/Deklaracja-cz\u0142onkowska-NKH-UG-WZ\u00d3R.docx\">Deklaracja-cz\u0142onkowska-NKH-UG-WZ\u00d3R<\/a><\/p>\n<p>&nbsp;<\/p>\n<p>lub pdf.<\/p>\n<p><a href=\"https:\/\/nkh.ug.edu.pl\/wp-content\/uploads\/2012\/06\/Deklaracja-cz\u0142onkowska-NKH-UG-WZ\u00d3R.pdf\">Deklaracja-cz\u0142onkowska-NKH-UG-WZ\u00d3R<\/a><\/p>\n<p>&nbsp;<\/p>\n<p>i przes\u0142anie jej na mail:<\/p>\n<p><strong>nkhunigdansk@gmail.com<\/strong><\/p>\n<p>&nbsp;<\/p>\n<p>&nbsp;<\/p>\n<p><img loading=\"lazy\" decoding=\"async\" class=\"aligncenter size-medium wp-image-867\" style=\"color: #333333; font-style: normal; line-height: 24px; margin-top: 0.4em; text-align: center;\" title=\"fallout\" src=\"https:\/\/nkh.ug.edu.pl\/wp-content\/uploads\/2012\/06\/PROPAGANDOWKA-page-001-205x300.jpg\" alt=\"\" width=\"205\" height=\"300\" srcset=\"https:\/\/nkh.ug.edu.pl\/wp-content\/uploads\/2012\/06\/PROPAGANDOWKA-page-001-205x300.jpg 205w, https:\/\/nkh.ug.edu.pl\/wp-content\/uploads\/2012\/06\/PROPAGANDOWKA-page-001-701x1024.jpg 701w, https:\/\/nkh.ug.edu.pl\/wp-content\/uploads\/2012\/06\/PROPAGANDOWKA-page-001.jpg 866w\" sizes=\"auto, (max-width: 205px) 100vw, 205px\" \/><\/p>\n<p>&nbsp;<\/p>\n<p>&nbsp;<\/p>\n","protected":false},"excerpt":{"rendered":"<p>Zapraszamy do Naukowego Ko\u0142a Historyk\u00f3w Uniwersytetu Gda\u0144skiego! &nbsp; Naszym cz\u0142onkiem mo\u017ce zosta\u0107 ka\u017cda osoba studiuj\u0105ca na UG. Je\u015bli Twoj\u0105 pasj\u0105 jest historia, chcesz rozwija\u0107 sw\u00f3j warsztat historyka, pozna\u0107 osoby o podobnych zainteresowaniach, poszerzy\u0107 swoj\u0105 wiedz\u0119, ciekawie sp\u0119dza\u0107 czas \u2013 do\u0142\u0105cz &hellip; <a href=\"https:\/\/nkh.ug.edu.pl\/?page_id=236\">Czytaj dalej <span class=\"meta-nav\">&rarr;<\/span><\/a><\/p>\n","protected":false},"author":102,"featured_media":0,"parent":0,"menu_order":0,"comment_status":"open","ping_status":"open","template":"","meta":{"footnotes":""},"class_list":["post-236","page","type-page","status-publish","hentry"],"_links":{"self":[{"href":"https:\/\/nkh.ug.edu.pl\/index.php?rest_route=\/wp\/v2\/pages\/236","targetHints":{"allow":["GET"]}}],"collection":[{"href":"https:\/\/nkh.ug.edu.pl\/index.php?rest_route=\/wp\/v2\/pages"}],"about":[{"href":"https:\/\/nkh.ug.edu.pl\/index.php?rest_route=\/wp\/v2\/types\/page"}],"author":[{"embeddable":true,"href":"https:\/\/nkh.ug.edu.pl\/index.php?rest_route=\/wp\/v2\/users\/102"}],"replies":[{"embeddable":true,"href":"https:\/\/nkh.ug.edu.pl\/index.php?rest_route=%2Fwp%2Fv2%2Fcomments&post=236"}],"version-history":[{"count":25,"href":"https:\/\/nkh.ug.edu.pl\/index.php?rest_route=\/wp\/v2\/pages\/236\/revisions"}],"predecessor-version":[{"id":1821,"href":"https:\/\/nkh.ug.edu.pl\/index.php?rest_route=\/wp\/v2\/pages\/236\/revisions\/1821"}],"wp:attachment":[{"href":"https:\/\/nkh.ug.edu.pl\/index.php?rest_route=%2Fwp%2Fv2%2Fmedia&parent=236"}],"curies":[{"name":"wp","href":"https:\/\/api.w.org\/{rel}","templated":true}]}}