{"id":75,"date":"2012-06-16T01:55:02","date_gmt":"2012-06-16T01:55:02","guid":{"rendered":"http:\/\/www2.nkh.ug.edu.pl\/?page_id=75"},"modified":"2022-10-17T16:51:32","modified_gmt":"2022-10-17T16:51:32","slug":"witamy","status":"publish","type":"page","link":"https:\/\/nkh.ug.edu.pl\/?page_id=75","title":{"rendered":"Informacje o kole"},"content":{"rendered":"<p>&nbsp;<\/p>\n<div style=\"color: #333333; font-style: normal; line-height: 24px;\"><img loading=\"lazy\" decoding=\"async\" class=\"aligncenter size-medium wp-image-510\" title=\"Zdj\u0119cie grupowe ;) \" src=\"https:\/\/nkh.ug.edu.pl\/wp-content\/uploads\/2012\/10\/PC210096-Kopia-300x225.jpg\" alt=\"\" width=\"300\" height=\"225\" srcset=\"https:\/\/nkh.ug.edu.pl\/wp-content\/uploads\/2012\/10\/PC210096-Kopia-300x225.jpg 300w, https:\/\/nkh.ug.edu.pl\/wp-content\/uploads\/2012\/10\/PC210096-Kopia-1024x768.jpg 1024w, https:\/\/nkh.ug.edu.pl\/wp-content\/uploads\/2012\/10\/PC210096-Kopia-400x300.jpg 400w, https:\/\/nkh.ug.edu.pl\/wp-content\/uploads\/2012\/10\/PC210096-Kopia.jpg 1536w\" sizes=\"auto, (max-width: 300px) 100vw, 300px\" \/><\/div>\n<div style=\"color: #333333; line-height: 24px;\"><em><br \/>\n<\/em><\/div>\n<div>\n<p style=\"text-align: justify;\">Nasze Ko\u0142o dzia\u0142a ju\u017c ponad 20 lat. Kontynuujemy dzia\u0142alno\u015b\u0107 Ko\u0142a Ikonograficznego, powsta\u0142ego w\u00a01987 roku. W grudniu 1996 roku po opracowaniu nowego statutu i\u00a0reorganizacji powsta\u0142o Naukowe Ko\u0142o Historyk\u00f3w Uniwersytetu Gda\u0144skiego, kt\u00f3rego opiekunem do ko\u0144ca roku akademickiego 1998\/1999 by\u0142 dotychczasowy opiekun Ko\u0142a Ikonograficznego, dr Dariusz Kaczor. Od wakacji 1999 roku opiek\u0119 merytoryczn\u0105 nad pracami Ko\u0142a sprawowa\u0142 prof. UG dr hab. J\u00f3zef W\u0142odarski z\u00a0Instytutu Historii UG. W roku akademickim 2009\/2010 wspomaga\u0142a nas dr Anna Mazurkiewicz.\u00a0W czerwcu 2012 roku obowi\u0105zki opiekuna Ko\u0142a przej\u0105\u0142 dr hab. Arnold K\u0142onczy\u0144ski. Nasze ko\u0142o zrzesza student\u00f3w historii (i nie tylko!) wszystkich lat.<\/p>\n<\/div>\n<div>\n<p style=\"text-align: justify;\">Na rok akademicki \u00a02015\/16 wybrany zosta\u0142 nast\u0119puj\u0105cy zarz\u0105d: prezes Adam Lubocki, wiceprezes Marcin\u00a0Rozmarynowski i sekretarz Karolina Wilczy\u0144ska<\/p>\n<p style=\"text-align: justify;\">Mo\u017cemy pochwali\u0107 si\u0119:<\/p>\n<ul style=\"text-align: justify;\">\n<li>licznym i\u00a0aktywnym uczestnictwem w\u00a0og\u00f3lnopolskich konferencjach naukowych, \u00a0 \u00a0 \u00a0 \u00a0 \u00a0 \u00a0 \u00a0 \u00a0 \u00a0 \u00a0 \u00a0 \u00a0( <a href=\"https:\/\/nkh.ug.edu.pl\/?p=530\" target=\"_blank\" rel=\"noopener noreferrer\">np. I Lubelska Jesie\u0144 Historyczna<\/a>)<\/li>\n<li>organizacj\u0105 objazd\u00f3w naukowych w\u00a0Polsce i\u00a0za granic\u0105 (<a href=\"https:\/\/nkh.ug.edu.pl\/?p=763\" target=\"_blank\" rel=\"noopener noreferrer\">np. warsztaty archiwalne)<\/a><\/li>\n<li>wydawaniem w\u0142asnego periodyku naukowego \u201eE-Teki\u201d,<\/li>\n<li>wsp\u00f3\u0142prac\u0105 z\u00a0r\u00f3\u017cnymi organizacjami i\u00a0stowarzyszeniami.<\/li>\n<\/ul>\n<p style=\"text-align: justify;\">Naszymi najwi\u0119kszymi przedsi\u0119wzi\u0119ciami w\u00a0ostatnim czasie by\u0142y:<\/p>\n<p style=\"text-align: justify;\">&#8211; organizacja <a href=\"https:\/\/nkh.ug.edu.pl\/?p=584\" target=\"_blank\" rel=\"noopener noreferrer\">X Og\u00f3lnopolskiej Konferencji Student\u00f3w Historyk\u00f3w Wojskowo\u015bci<\/a>, odbywaj\u0105cej si\u0119 w dniach 23-25 listopada 2012 roku na Wydziale Historycznym Uniwersytetu Gda\u0144skiego<\/p>\n<p style=\"text-align: justify;\">&#8211; organizacja wraz z Naukowym Ko\u0142em Doktorant\u00f3w Historii<a href=\"https:\/\/nkh.ug.edu.pl\/?p=728\" target=\"_blank\" rel=\"noopener noreferrer\"> II Konferencji Historii Morskiej i Rzecznej<\/a><\/p>\n<p style=\"text-align: justify;\">O dzia\u0142alno\u015bci Ko\u0142a przeczyta\u0107 mo\u017cna <a href=\"https:\/\/nkh.ug.edu.pl\/?cat=3\" target=\"_blank\" rel=\"noopener noreferrer\">TUTAJ\u00a0<\/a><\/p>\n<p style=\"text-align: justify;\">Przypominam, \u017ce ca\u0142y czas przyjmujemy z\u00a0otwartymi ramionami wszystkich ch\u0119tnych.<br \/>\nNie istniej\u0105 u\u00a0nas wpisowe, sta\u017ce kandydackie etc., je\u015bli chcecie rozwija\u0107 swoj\u0105 pasj\u0119, poznawa\u0107 nowych ludzi i\u00a0inne o\u015brodki naukowe-gor\u0105co zapraszamy. Jeste\u015bmy r\u00f3wnie\u017c otwarci na koleg\u00f3w i\u00a0kole\u017canki z\u00a0innych wydzia\u0142\u00f3w \ud83d\ude42 .<\/p>\n<p style=\"text-align: justify;\">Karolina Belina<\/p>\n<p style=\"text-align: justify;\">Aktualizacja: \u00a0M. Rozmarynowski<\/p>\n<p>Serdecznie zapraszamy r\u00f3wnie\u017c do odwiedzenia strony Wydzia\u0142u Historycznego UG<\/p>\n<p><a href=\"http:\/\/www.historia.ug.edu.pl\/\" target=\"_blank\" rel=\"noopener noreferrer\">http:\/\/www.historia.ug.edu.pl\/<\/a><\/p>\n<p>Statut Naukowego Ko\u0142a Historyk\u00f3w z 2017 roku:<\/p>\n<p><a href=\"https:\/\/nkh.ug.edu.pl\/wp-content\/uploads\/2012\/06\/Statut-NKH-UG-2017.doc\">Statut-NKH-UG-2017<\/a><\/p>\n<div><\/div>\n<p><em><br \/>\n<\/em><\/p>\n<\/div>\n","protected":false},"excerpt":{"rendered":"<p>&nbsp; Nasze Ko\u0142o dzia\u0142a ju\u017c ponad 20 lat. Kontynuujemy dzia\u0142alno\u015b\u0107 Ko\u0142a Ikonograficznego, powsta\u0142ego w\u00a01987 roku. W grudniu 1996 roku po opracowaniu nowego statutu i\u00a0reorganizacji powsta\u0142o Naukowe Ko\u0142o Historyk\u00f3w Uniwersytetu Gda\u0144skiego, kt\u00f3rego opiekunem do ko\u0144ca roku akademickiego 1998\/1999 by\u0142 dotychczasowy opiekun &hellip; <a href=\"https:\/\/nkh.ug.edu.pl\/?page_id=75\">Czytaj dalej <span class=\"meta-nav\">&rarr;<\/span><\/a><\/p>\n","protected":false},"author":102,"featured_media":0,"parent":0,"menu_order":0,"comment_status":"open","ping_status":"closed","template":"","meta":{"footnotes":""},"class_list":["post-75","page","type-page","status-publish","hentry"],"_links":{"self":[{"href":"https:\/\/nkh.ug.edu.pl\/index.php?rest_route=\/wp\/v2\/pages\/75","targetHints":{"allow":["GET"]}}],"collection":[{"href":"https:\/\/nkh.ug.edu.pl\/index.php?rest_route=\/wp\/v2\/pages"}],"about":[{"href":"https:\/\/nkh.ug.edu.pl\/index.php?rest_route=\/wp\/v2\/types\/page"}],"author":[{"embeddable":true,"href":"https:\/\/nkh.ug.edu.pl\/index.php?rest_route=\/wp\/v2\/users\/102"}],"replies":[{"embeddable":true,"href":"https:\/\/nkh.ug.edu.pl\/index.php?rest_route=%2Fwp%2Fv2%2Fcomments&post=75"}],"version-history":[{"count":24,"href":"https:\/\/nkh.ug.edu.pl\/index.php?rest_route=\/wp\/v2\/pages\/75\/revisions"}],"predecessor-version":[{"id":1811,"href":"https:\/\/nkh.ug.edu.pl\/index.php?rest_route=\/wp\/v2\/pages\/75\/revisions\/1811"}],"wp:attachment":[{"href":"https:\/\/nkh.ug.edu.pl\/index.php?rest_route=%2Fwp%2Fv2%2Fmedia&parent=75"}],"curies":[{"name":"wp","href":"https:\/\/api.w.org\/{rel}","templated":true}]}}