{"id":80,"date":"2012-06-16T02:01:18","date_gmt":"2012-06-16T02:01:18","guid":{"rendered":"http:\/\/www2.nkh.ug.edu.pl\/?page_id=80"},"modified":"2024-01-17T16:50:43","modified_gmt":"2024-01-17T16:50:43","slug":"czlonkowie-i-zarzad-nkh","status":"publish","type":"page","link":"https:\/\/nkh.ug.edu.pl\/?page_id=80","title":{"rendered":"Zarz\u0105d NKH"},"content":{"rendered":"<p style=\"text-align: center;\"><a href=\"https:\/\/nkh.ug.edu.pl\/wp-content\/uploads\/2012\/06\/315517594_1771262899920419_3982247009365711558_n.jpg\"><img loading=\"lazy\" decoding=\"async\" class=\" wp-image-1817 aligncenter\" src=\"https:\/\/nkh.ug.edu.pl\/wp-content\/uploads\/2012\/06\/315517594_1771262899920419_3982247009365711558_n-1024x1022.jpg\" alt=\"\" width=\"394\" height=\"393\" srcset=\"https:\/\/nkh.ug.edu.pl\/wp-content\/uploads\/2012\/06\/315517594_1771262899920419_3982247009365711558_n-1024x1022.jpg 1024w, https:\/\/nkh.ug.edu.pl\/wp-content\/uploads\/2012\/06\/315517594_1771262899920419_3982247009365711558_n-150x150.jpg 150w, https:\/\/nkh.ug.edu.pl\/wp-content\/uploads\/2012\/06\/315517594_1771262899920419_3982247009365711558_n-300x300.jpg 300w, https:\/\/nkh.ug.edu.pl\/wp-content\/uploads\/2012\/06\/315517594_1771262899920419_3982247009365711558_n-768x767.jpg 768w, https:\/\/nkh.ug.edu.pl\/wp-content\/uploads\/2012\/06\/315517594_1771262899920419_3982247009365711558_n.jpg 1977w\" sizes=\"auto, (max-width: 394px) 100vw, 394px\" \/><\/a><\/p>\n<p>&nbsp;<\/p>\n<p>Opiekun:<\/p>\n<p><strong>dr Julia Mo\u017cd\u017ce\u0144<br \/>\n<\/strong><\/p>\n<p>Zarz\u0105d 2023\/2024:<\/p>\n<p>Przewodnicz\u0105cy: <b>Kajetan Olejko<\/b><\/p>\n<p>Wiceprzewodnicz\u0105cy: <b>Jacek J. Czeka\u0142a<\/b><\/p>\n<p>Sekretarz: <b>Micha\u0142 Pi\u0142at<\/b><\/p>\n<p>&nbsp;<\/p>\n<p>&nbsp;<\/p>\n<p>&nbsp;<\/p>\n<p>&nbsp;<\/p>\n<p>&nbsp;<\/p>\n<p>&nbsp;<\/p>\n<p>&nbsp;<\/p>\n","protected":false},"excerpt":{"rendered":"<p>&nbsp; Opiekun: dr Julia Mo\u017cd\u017ce\u0144 Zarz\u0105d 2023\/2024: Przewodnicz\u0105cy: Kajetan Olejko Wiceprzewodnicz\u0105cy: Jacek J. Czeka\u0142a Sekretarz: Micha\u0142 Pi\u0142at &nbsp; &nbsp; &nbsp; &nbsp; &nbsp; &nbsp; &nbsp;<\/p>\n","protected":false},"author":102,"featured_media":0,"parent":0,"menu_order":0,"comment_status":"open","ping_status":"closed","template":"","meta":{"footnotes":""},"class_list":["post-80","page","type-page","status-publish","hentry"],"_links":{"self":[{"href":"https:\/\/nkh.ug.edu.pl\/index.php?rest_route=\/wp\/v2\/pages\/80","targetHints":{"allow":["GET"]}}],"collection":[{"href":"https:\/\/nkh.ug.edu.pl\/index.php?rest_route=\/wp\/v2\/pages"}],"about":[{"href":"https:\/\/nkh.ug.edu.pl\/index.php?rest_route=\/wp\/v2\/types\/page"}],"author":[{"embeddable":true,"href":"https:\/\/nkh.ug.edu.pl\/index.php?rest_route=\/wp\/v2\/users\/102"}],"replies":[{"embeddable":true,"href":"https:\/\/nkh.ug.edu.pl\/index.php?rest_route=%2Fwp%2Fv2%2Fcomments&post=80"}],"version-history":[{"count":50,"href":"https:\/\/nkh.ug.edu.pl\/index.php?rest_route=\/wp\/v2\/pages\/80\/revisions"}],"predecessor-version":[{"id":1825,"href":"https:\/\/nkh.ug.edu.pl\/index.php?rest_route=\/wp\/v2\/pages\/80\/revisions\/1825"}],"wp:attachment":[{"href":"https:\/\/nkh.ug.edu.pl\/index.php?rest_route=%2Fwp%2Fv2%2Fmedia&parent=80"}],"curies":[{"name":"wp","href":"https:\/\/api.w.org\/{rel}","templated":true}]}}