{"id":910,"date":"2013-06-04T20:18:49","date_gmt":"2013-06-04T20:18:49","guid":{"rendered":"https:\/\/nkh.ug.edu.pl\/?page_id=910"},"modified":"2019-11-21T12:35:45","modified_gmt":"2019-11-21T12:35:45","slug":"naukowe-kolo-doktorantow-historii","status":"publish","type":"page","link":"https:\/\/nkh.ug.edu.pl\/?page_id=910","title":{"rendered":"Ko\u0142o Doktorant\u00f3w"},"content":{"rendered":"<p>&nbsp;<\/p>\n<p><img loading=\"lazy\" decoding=\"async\" class=\"aligncenter size-full wp-image-912\" title=\"Logo NKDH\" src=\"https:\/\/nkh.ug.edu.pl\/wp-content\/uploads\/2013\/06\/Logo-NKDH.jpg\" alt=\"\" width=\"180\" height=\"180\" srcset=\"https:\/\/nkh.ug.edu.pl\/wp-content\/uploads\/2013\/06\/Logo-NKDH.jpg 180w, https:\/\/nkh.ug.edu.pl\/wp-content\/uploads\/2013\/06\/Logo-NKDH-150x150.jpg 150w\" sizes=\"auto, (max-width: 180px) 100vw, 180px\" \/><\/p>\n<p style=\"text-align: center;\"><strong>Naukowe Ko\u0142o Doktorant\u00f3w Historii Uniwersytetu Gda\u0144skiego<\/strong><\/p>\n<p>&nbsp;<\/p>\n<p><strong>Obecny Zarz\u0105d Naukowego Ko\u0142a Doktorant\u00f3w Historii UG:<\/strong><\/p>\n<p>mgr Agnieszka Sukiennik- <strong>Prezes Ko\u0142a<\/strong><\/p>\n<p>&nbsp;<\/p>\n<p>Adres mailowy: nkdhug@gmail.com<\/p>\n<p>Strona Internetowa Ko\u0142a Doktorant\u00f3w: http:\/\/www.nkdh.ug.edu.pl\/<\/p>\n<p>Fanpage NKDH na Facebooku: <a href=\"https:\/\/www.facebook.com\/NKDHUG\" target=\"_blank\" rel=\"noopener noreferrer\">https:\/\/www.facebook.com\/<wbr \/>NKDHUG<\/a><\/p>\n<p><strong><a href=\"https:\/\/nkh.ug.edu.pl\/wp-content\/uploads\/downloads\/2013\/06\/nkdh-formularz.doc\">Pobierz formularz zg\u0142oszeniowy\u00a0<\/a><\/strong><\/p>\n<p>&nbsp;<\/p>\n<p>&nbsp;<\/p>\n<p>&nbsp;<\/p>\n","protected":false},"excerpt":{"rendered":"<p>&nbsp; Naukowe Ko\u0142o Doktorant\u00f3w Historii Uniwersytetu Gda\u0144skiego &nbsp; Obecny Zarz\u0105d Naukowego Ko\u0142a Doktorant\u00f3w Historii UG: mgr Agnieszka Sukiennik- Prezes Ko\u0142a &nbsp; Adres mailowy: nkdhug@gmail.com Strona Internetowa Ko\u0142a Doktorant\u00f3w: http:\/\/www.nkdh.ug.edu.pl\/ Fanpage NKDH na Facebooku: https:\/\/www.facebook.com\/NKDHUG Pobierz formularz zg\u0142oszeniowy\u00a0 &nbsp; &nbsp; &nbsp;<\/p>\n","protected":false},"author":102,"featured_media":0,"parent":0,"menu_order":0,"comment_status":"open","ping_status":"open","template":"","meta":{"footnotes":""},"class_list":["post-910","page","type-page","status-publish","hentry"],"_links":{"self":[{"href":"https:\/\/nkh.ug.edu.pl\/index.php?rest_route=\/wp\/v2\/pages\/910","targetHints":{"allow":["GET"]}}],"collection":[{"href":"https:\/\/nkh.ug.edu.pl\/index.php?rest_route=\/wp\/v2\/pages"}],"about":[{"href":"https:\/\/nkh.ug.edu.pl\/index.php?rest_route=\/wp\/v2\/types\/page"}],"author":[{"embeddable":true,"href":"https:\/\/nkh.ug.edu.pl\/index.php?rest_route=\/wp\/v2\/users\/102"}],"replies":[{"embeddable":true,"href":"https:\/\/nkh.ug.edu.pl\/index.php?rest_route=%2Fwp%2Fv2%2Fcomments&post=910"}],"version-history":[{"count":15,"href":"https:\/\/nkh.ug.edu.pl\/index.php?rest_route=\/wp\/v2\/pages\/910\/revisions"}],"predecessor-version":[{"id":1774,"href":"https:\/\/nkh.ug.edu.pl\/index.php?rest_route=\/wp\/v2\/pages\/910\/revisions\/1774"}],"wp:attachment":[{"href":"https:\/\/nkh.ug.edu.pl\/index.php?rest_route=%2Fwp%2Fv2%2Fmedia&parent=910"}],"curies":[{"name":"wp","href":"https:\/\/api.w.org\/{rel}","templated":true}]}}